{"id":62,"date":"2024-12-30T15:55:16","date_gmt":"2024-12-30T14:55:16","guid":{"rendered":"https:\/\/selipaconciergerie.com\/?page_id=62"},"modified":"2025-08-30T18:19:56","modified_gmt":"2025-08-30T16:19:56","slug":"qui-sommes-nous","status":"publish","type":"page","link":"https:\/\/selipaconciergerie.com\/index.php\/qui-sommes-nous\/","title":{"rendered":"Qui sommes-nous"},"content":{"rendered":"\t\t<div data-elementor-type=\"wp-page\" data-elementor-id=\"62\" class=\"elementor elementor-62\">\n\t\t\t\t<div class=\"elementor-element elementor-element-750a1d8 e-flex e-con-boxed e-con e-parent\" data-id=\"750a1d8\" data-element_type=\"container\" data-e-type=\"container\">\n\t\t\t\t\t<div class=\"e-con-inner\">\n\t\t<div class=\"elementor-element elementor-element-aab00ea e-flex e-con-boxed e-con e-child\" data-id=\"aab00ea\" data-element_type=\"container\" data-e-type=\"container\">\n\t\t\t\t\t<div class=\"e-con-inner\">\n\t\t\t\t<div class=\"elementor-element elementor-element-728c724 elementor-widget elementor-widget-heading\" data-id=\"728c724\" data-element_type=\"widget\" data-e-type=\"widget\" data-widget_type=\"heading.default\">\n\t\t\t\t<div class=\"elementor-widget-container\">\n\t\t\t\t\t<h1 class=\"elementor-heading-title elementor-size-default\">D\u00e9couvrez l\u2019histoire et les valeurs de<br> SELIPA CONCIERGERIE<\/h1>\t\t\t\t<\/div>\n\t\t\t\t<\/div>\n\t\t\t\t<div class=\"elementor-element elementor-element-4510d30 elementor-widget elementor-widget-text-editor\" data-id=\"4510d30\" data-element_type=\"widget\" data-e-type=\"widget\" data-widget_type=\"text-editor.default\">\n\t\t\t\t<div class=\"elementor-widget-container\">\n\t\t\t\t\t\t\t\t\t<p>Une conciergerie rennaise humaine et engag\u00e9e,\u00a0<span style=\"color: var( --e-global-color-secondary );\">au service des propri\u00e9taires et des locataires.<\/span><\/p>\t\t\t\t\t\t\t\t<\/div>\n\t\t\t\t<\/div>\n\t\t\t\t\t<\/div>\n\t\t\t\t<\/div>\n\t\t\t\t\t<\/div>\n\t\t\t\t<\/div>\n\t\t<div class=\"elementor-element elementor-element-fc1ee18 e-flex e-con-boxed e-con e-parent\" data-id=\"fc1ee18\" data-element_type=\"container\" data-e-type=\"container\" data-settings=\"{&quot;background_background&quot;:&quot;gradient&quot;,&quot;shape_divider_top&quot;:&quot;opacity-fan&quot;,&quot;shape_divider_bottom&quot;:&quot;opacity-fan&quot;}\">\n\t\t\t\t\t<div class=\"e-con-inner\">\n\t\t\t\t<div class=\"elementor-shape elementor-shape-top\" aria-hidden=\"true\" data-negative=\"false\">\n\t\t\t<svg xmlns=\"http:\/\/www.w3.org\/2000\/svg\" viewBox=\"0 0 283.5 19.6\" preserveAspectRatio=\"none\">\n\t<path class=\"elementor-shape-fill\" style=\"opacity:0.33\" d=\"M0 0L0 18.8 141.8 4.1 283.5 18.8 283.5 0z\"\/>\n\t<path class=\"elementor-shape-fill\" style=\"opacity:0.33\" d=\"M0 0L0 12.6 141.8 4 283.5 12.6 283.5 0z\"\/>\n\t<path class=\"elementor-shape-fill\" style=\"opacity:0.33\" d=\"M0 0L0 6.4 141.8 4 283.5 6.4 283.5 0z\"\/>\n\t<path class=\"elementor-shape-fill\" d=\"M0 0L0 1.2 141.8 4 283.5 1.2 283.5 0z\"\/>\n<\/svg>\t\t<\/div>\n\t\t\t\t<div class=\"elementor-shape elementor-shape-bottom\" aria-hidden=\"true\" data-negative=\"false\">\n\t\t\t<svg xmlns=\"http:\/\/www.w3.org\/2000\/svg\" viewBox=\"0 0 283.5 19.6\" preserveAspectRatio=\"none\">\n\t<path class=\"elementor-shape-fill\" style=\"opacity:0.33\" d=\"M0 0L0 18.8 141.8 4.1 283.5 18.8 283.5 0z\"\/>\n\t<path class=\"elementor-shape-fill\" style=\"opacity:0.33\" d=\"M0 0L0 12.6 141.8 4 283.5 12.6 283.5 0z\"\/>\n\t<path class=\"elementor-shape-fill\" style=\"opacity:0.33\" d=\"M0 0L0 6.4 141.8 4 283.5 6.4 283.5 0z\"\/>\n\t<path class=\"elementor-shape-fill\" d=\"M0 0L0 1.2 141.8 4 283.5 1.2 283.5 0z\"\/>\n<\/svg>\t\t<\/div>\n\t\t<div class=\"elementor-element elementor-element-5158408 e-con-full e-flex e-con e-child\" data-id=\"5158408\" data-element_type=\"container\" data-e-type=\"container\">\n\t\t\t\t<div class=\"elementor-element elementor-element-7085f67 elementor-invisible elementor-widget elementor-widget-heading\" data-id=\"7085f67\" data-element_type=\"widget\" data-e-type=\"widget\" data-settings=\"{&quot;_animation&quot;:&quot;fadeInUp&quot;}\" data-widget_type=\"heading.default\">\n\t\t\t\t<div class=\"elementor-widget-container\">\n\t\t\t\t\t<h2 class=\"elementor-heading-title elementor-size-default\">Une aventure n\u00e9e de la passion pour la gestion locative.<\/h2>\t\t\t\t<\/div>\n\t\t\t\t<\/div>\n\t\t\t\t<div class=\"elementor-element elementor-element-9bbb1d7 elementor-widget elementor-widget-text-editor\" data-id=\"9bbb1d7\" data-element_type=\"widget\" data-e-type=\"widget\" data-widget_type=\"text-editor.default\">\n\t\t\t\t<div class=\"elementor-widget-container\">\n\t\t\t\t\t\t\t\t\t<p>SELIPA CONCIERGERIE a \u00e9t\u00e9 fond\u00e9e en 2024 par Romaric BIDIAMAMBU SELIPA, anim\u00e9 par une volont\u00e9 claire : simplifier la gestion locative saisonni\u00e8re pour les propri\u00e9taires. Le tout, en offrant une exp\u00e9rience m\u00e9morable aux voyageurs. Apr\u00e8s plusieurs ann\u00e9es d\u2019exp\u00e9rience en gestion de projet dans le domaine public, Romaric a d\u00e9cid\u00e9 de mettre ses comp\u00e9tences au service d\u2019un secteur en pleine expansion, celui des locations saisonni\u00e8res.<\/p>\t\t\t\t\t\t\t\t<\/div>\n\t\t\t\t<\/div>\n\t\t\t\t<div class=\"elementor-element elementor-element-7def604 elementor-widget elementor-widget-text-editor\" data-id=\"7def604\" data-element_type=\"widget\" data-e-type=\"widget\" data-widget_type=\"text-editor.default\">\n\t\t\t\t<div class=\"elementor-widget-container\">\n\t\t\t\t\t\t\t\t\t<p>Bas\u00e9e \u00e0 <b>Rennes<\/b>, SELIPA CONCIERGERIE s\u2019adresse aux propri\u00e9taires qui souhaitent<br \/>valoriser leurs biens tout en d\u00e9l\u00e9guant la gestion quotidienne \u00e0 une \u00e9quipe de confiance.<\/p>\t\t\t\t\t\t\t\t<\/div>\n\t\t\t\t<\/div>\n\t\t\t\t<\/div>\n\t\t\t\t\t<\/div>\n\t\t\t\t<\/div>\n\t\t<div class=\"elementor-element elementor-element-7e25cac e-flex e-con-boxed e-con e-child\" data-id=\"7e25cac\" data-element_type=\"container\" data-e-type=\"container\">\n\t\t\t\t\t<div class=\"e-con-inner\">\n\t\t<div class=\"elementor-element elementor-element-59b2154 e-con-full e-flex elementor-invisible e-con e-child\" data-id=\"59b2154\" data-element_type=\"container\" data-e-type=\"container\" data-settings=\"{&quot;animation&quot;:&quot;fadeInUp&quot;}\">\n\t\t<div class=\"elementor-element elementor-element-f26449a e-con-full e-flex e-con e-child\" data-id=\"f26449a\" data-element_type=\"container\" data-e-type=\"container\">\n\t\t\t\t<div class=\"elementor-element elementor-element-522a987 elementor-widget elementor-widget-eael-svg-draw\" data-id=\"522a987\" data-element_type=\"widget\" data-e-type=\"widget\" data-widget_type=\"eael-svg-draw.default\">\n\t\t\t\t<div class=\"elementor-widget-container\">\n\t\t\t\t\t<a href=\"\"><div class=\"eael-svg-draw-container page-load \" data-settings=\"{&quot;fill_type&quot;:&quot;none&quot;,&quot;fill_color&quot;:null,&quot;start_point&quot;:&quot;95%&quot;,&quot;end_point&quot;:&quot;10%&quot;,&quot;marker&quot;:false,&quot;loop&quot;:&quot;yes&quot;,&quot;loop_delay&quot;:1.5,&quot;pause&quot;:&quot;no&quot;,&quot;direction&quot;:&quot;reverse&quot;,&quot;excludeStyle&quot;:&quot;&quot;,&quot;transition&quot;:&quot;1&quot;,&quot;stroke_length&quot;:100,&quot;ease_type&quot;:&quot;none&quot;,&quot;has_pro&quot;:false,&quot;speed&quot;:1}\"><svg class='svg-inline--fas-fa-cubes  eael-svg-icon' aria-hidden='true' role='img' xmlns='http:\/\/www.w3.org\/2000\/svg' viewBox='0 0 512 512'><path fill='' d='M488.6 250.2L392 214V105.5c0-15-9.3-28.4-23.4-33.7l-100-37.5c-8.1-3.1-17.1-3.1-25.3 0l-100 37.5c-14.1 5.3-23.4 18.7-23.4 33.7V214l-96.6 36.2C9.3 255.5 0 268.9 0 283.9V394c0 13.6 7.7 26.1 19.9 32.2l100 50c10.1 5.1 22.1 5.1 32.2 0l103.9-52 103.9 52c10.1 5.1 22.1 5.1 32.2 0l100-50c12.2-6.1 19.9-18.6 19.9-32.2V283.9c0-15-9.3-28.4-23.4-33.7zM358 214.8l-85 31.9v-68.2l85-37v73.3zM154 104.1l102-38.2 102 38.2v.6l-102 41.4-102-41.4v-.6zm84 291.1l-85 42.5v-79.1l85-38.8v75.4zm0-112l-102 41.4-102-41.4v-.6l102-38.2 102 38.2v.6zm240 112l-85 42.5v-79.1l85-38.8v75.4zm0-112l-102 41.4-102-41.4v-.6l102-38.2 102 38.2v.6z'><\/path><\/svg> <\/div><\/a>\t\t\t\t<\/div>\n\t\t\t\t<\/div>\n\t\t\t\t<\/div>\n\t\t<div class=\"elementor-element elementor-element-258c511 e-con-full e-flex e-con e-child\" data-id=\"258c511\" data-element_type=\"container\" data-e-type=\"container\">\n\t\t\t\t<div class=\"elementor-element elementor-element-ed9c227 elementor-widget elementor-widget-heading\" data-id=\"ed9c227\" data-element_type=\"widget\" data-e-type=\"widget\" data-widget_type=\"heading.default\">\n\t\t\t\t<div class=\"elementor-widget-container\">\n\t\t\t\t\t<h2 class=\"elementor-heading-title elementor-size-default\">Nos valeurs : la cl\u00e9 de notre engagement.<\/h2>\t\t\t\t<\/div>\n\t\t\t\t<\/div>\n\t\t\t\t<div class=\"elementor-element elementor-element-aecd0cc elementor-widget elementor-widget-text-editor\" data-id=\"aecd0cc\" data-element_type=\"widget\" data-e-type=\"widget\" data-widget_type=\"text-editor.default\">\n\t\t\t\t<div class=\"elementor-widget-container\">\n\t\t\t\t\t\t\t\t\t<p>Chez SELIPA CONCIERGERIE, nos actions et nos d\u00e9cisions sont guid\u00e9es par des valeurs fortes. Ce qui refl\u00e8tent notre vision et notre engagement envers nos clients :<\/p>\t\t\t\t\t\t\t\t<\/div>\n\t\t\t\t<\/div>\n\t\t\t\t<\/div>\n\t\t\t\t<\/div>\n\t\t<div class=\"elementor-element elementor-element-0cd46a9 e-con-full e-flex e-con e-child\" data-id=\"0cd46a9\" data-element_type=\"container\" data-e-type=\"container\">\n\t\t\t\t<div class=\"elementor-element elementor-element-339d6a4 elementor-widget elementor-widget-eael-info-box\" data-id=\"339d6a4\" data-element_type=\"widget\" data-e-type=\"widget\" data-widget_type=\"eael-info-box.default\">\n\t\t\t\t<div class=\"elementor-widget-container\">\n\t\t\t\t\t        <div class=\"eael-infobox icon-on-top\">\n\t            <div class=\"infobox-content\">\n                    <div class=\"infobox-title-section\">\n                <h3 class=\"title\">Le partage<\/h3>            <\/div>\n            <div><p>Chez SELIPA CONCIERGERIE, le partage est la base de notre approche.<\/p><p>Nous collaborons \u00e9troitement avec les propri\u00e9taires pour comprendre leurs besoins et leur offrir un service sur-mesure.<\/p><p>Nous partageons \u00e9galement avec les locataires des recommandations locales pour enrichir leur s\u00e9jour. Le tout, en valorisant l\u2019artisanat rennais \u00e0 travers nos collaborations avec des partenaires locaux<\/p><\/div>        <\/div>\n            <\/div>\n\n\t\t\t\t\t\t<\/div>\n\t\t\t\t<\/div>\n\t\t\t\t<div class=\"elementor-element elementor-element-5c4a0b7 elementor-widget elementor-widget-eael-info-box\" data-id=\"5c4a0b7\" data-element_type=\"widget\" data-e-type=\"widget\" data-widget_type=\"eael-info-box.default\">\n\t\t\t\t<div class=\"elementor-widget-container\">\n\t\t\t\t\t        <div class=\"eael-infobox icon-on-top\">\n\t            <div class=\"infobox-content\">\n                    <div class=\"infobox-title-section\">\n                <h3 class=\"title\">Le travail bien fait<\/h3>            <\/div>\n            <div><p>L\u2019excellence est une priorit\u00e9 pour SELIPA CONCIERGERIE.<\/p><p>Chaque logement est pr\u00e9par\u00e9 avec soin et v\u00e9rifi\u00e9 dans les moindres d\u00e9tails. Ainsi, on garanti une exp\u00e9rience irr\u00e9prochable aux locataires.<\/p><p>Nous veillons \u00e9galement \u00e0 une communication claire et proactive avec les propri\u00e9taires. Car on vous fournit des rapports r\u00e9guliers et en restant disponibles \u00e0 tout moment.<\/p><p>Ce souci du d\u00e9tail et du professionnalisme est au c\u0153ur de notre mission.<\/p><\/div>        <\/div>\n            <\/div>\n\n\t\t\t\t\t\t<\/div>\n\t\t\t\t<\/div>\n\t\t\t\t<div class=\"elementor-element elementor-element-4fd4562 elementor-widget elementor-widget-eael-info-box\" data-id=\"4fd4562\" data-element_type=\"widget\" data-e-type=\"widget\" data-widget_type=\"eael-info-box.default\">\n\t\t\t\t<div class=\"elementor-widget-container\">\n\t\t\t\t\t        <div class=\"eael-infobox icon-on-top\">\n\t            <div class=\"infobox-content\">\n                    <div class=\"infobox-title-section\">\n                <h3 class=\"title\">La pers\u00e9v\u00e9rance<\/h3>            <\/div>\n            <div><p>La pers\u00e9v\u00e9rance est au c\u0153ur de notre succ\u00e8s.<\/p><p>Face aux impr\u00e9vus, nous trouvons toujours des solutions rapides et efficaces, qu\u2019il s\u2019agisse d\u2019un incident technique ou d\u2019un besoin urgent.<\/p><p>Nous nous engageons dans une am\u00e9lioration continue de nos services, guid\u00e9s par une ambition constante : maximiser la satisfaction des propri\u00e9taires et locataires tout en valorisant chaque bien g\u00e9r\u00e9.<\/p><\/div>        <\/div>\n            <\/div>\n\n\t\t\t\t\t\t<\/div>\n\t\t\t\t<\/div>\n\t\t\t\t<\/div>\n\t\t\t\t\t<\/div>\n\t\t\t\t<\/div>\n\t\t<div class=\"elementor-element elementor-element-ef83e07 e-flex e-con-boxed e-con e-child\" data-id=\"ef83e07\" data-element_type=\"container\" data-e-type=\"container\">\n\t\t\t\t\t<div class=\"e-con-inner\">\n\t\t<div class=\"elementor-element elementor-element-3b66cdf e-con-full e-flex elementor-invisible e-con e-child\" data-id=\"3b66cdf\" data-element_type=\"container\" data-e-type=\"container\" data-settings=\"{&quot;animation&quot;:&quot;fadeInLeft&quot;}\">\n\t\t\t\t<div class=\"elementor-element elementor-element-5f76d91 elementor-widget elementor-widget-heading\" data-id=\"5f76d91\" data-element_type=\"widget\" data-e-type=\"widget\" data-widget_type=\"heading.default\">\n\t\t\t\t<div class=\"elementor-widget-container\">\n\t\t\t\t\t<h2 class=\"elementor-heading-title elementor-size-default\">Rencontrez Romaric<\/h2>\t\t\t\t<\/div>\n\t\t\t\t<\/div>\n\t\t\t\t<div class=\"elementor-element elementor-element-0de0e6d elementor-widget elementor-widget-text-editor\" data-id=\"0de0e6d\" data-element_type=\"widget\" data-e-type=\"widget\" data-widget_type=\"text-editor.default\">\n\t\t\t\t<div class=\"elementor-widget-container\">\n\t\t\t\t\t\t\t\t\t<p>Le fondateur de SELIPA CONCIERGERIE<\/p>\t\t\t\t\t\t\t\t<\/div>\n\t\t\t\t<\/div>\n\t\t\t\t<div class=\"elementor-element elementor-element-8e1c77b elementor-widget elementor-widget-text-editor\" data-id=\"8e1c77b\" data-element_type=\"widget\" data-e-type=\"widget\" data-widget_type=\"text-editor.default\">\n\t\t\t\t<div class=\"elementor-widget-container\">\n\t\t\t\t\t\t\t\t\t<p>Originaire de Rennes, <a href=\"https:\/\/www.linkedin.com\/in\/romaric-bidiamambu-b35260240\/\" target=\"_blank\" rel=\"noopener\">Romaric BIDIAMAMBU SELIPA<\/a> est un entrepreneur passionn\u00e9, dot\u00e9 d\u2019un solide parcours en gestion de projet. Apr\u00e8s avoir travaill\u00e9 pendant plusieurs ann\u00e9es dans le secteur public, o\u00f9 il a pilot\u00e9 des initiatives visant \u00e0 am\u00e9liorer l\u2019acc\u00e8s num\u00e9rique dans les biblioth\u00e8ques. Ensuite, Romaric a d\u00e9cid\u00e9 de se lancer dans l\u2019entrepreneuriat.<\/p><p>Sa vision : offrir un service de conciergerie local, humain et performant, r\u00e9pondant aux besoins sp\u00e9cifiques des propri\u00e9taires et locataires de la r\u00e9gion rennaise. Avec une approche centr\u00e9e sur la satisfaction client et une attention aux d\u00e9tails, Romaric et son \u00e9quipe se\u00a0 d\u00e9marquent par leur professionnalisme et leur flexibilit\u00e9.<\/p>\t\t\t\t\t\t\t\t<\/div>\n\t\t\t\t<\/div>\n\t\t\t\t<\/div>\n\t\t<div class=\"elementor-element elementor-element-cb7d129 e-flex e-con-boxed e-con e-child\" data-id=\"cb7d129\" data-element_type=\"container\" data-e-type=\"container\">\n\t\t\t\t\t<div class=\"e-con-inner\">\n\t\t\t\t<div class=\"elementor-element elementor-element-7de22c7 elementor-invisible elementor-widget elementor-widget-image\" data-id=\"7de22c7\" data-element_type=\"widget\" data-e-type=\"widget\" data-settings=\"{&quot;_animation&quot;:&quot;fadeInRight&quot;}\" data-widget_type=\"image.default\">\n\t\t\t\t<div class=\"elementor-widget-container\">\n\t\t\t\t\t\t\t\t\t\t\t\t\t\t\t<img fetchpriority=\"high\" decoding=\"async\" width=\"768\" height=\"749\" src=\"https:\/\/selipaconciergerie.com\/wp-content\/uploads\/2025\/01\/Romaric.webp\" class=\"attachment-full size-full wp-image-841\" alt=\"Conciergerie\" srcset=\"https:\/\/selipaconciergerie.com\/wp-content\/uploads\/2025\/01\/Romaric.webp 768w, https:\/\/selipaconciergerie.com\/wp-content\/uploads\/2025\/01\/Romaric-300x293.webp 300w\" sizes=\"(max-width: 768px) 100vw, 768px\" \/>\t\t\t\t\t\t\t\t\t\t\t\t\t\t\t<\/div>\n\t\t\t\t<\/div>\n\t\t\t\t\t<\/div>\n\t\t\t\t<\/div>\n\t\t\t\t\t<\/div>\n\t\t\t\t<\/div>\n\t\t\t\t<\/div>\n\t\t","protected":false},"excerpt":{"rendered":"<p>D\u00e9couvrez l\u2019histoire et les valeurs de SELIPA CONCIERGERIE Une conciergerie rennaise humaine et engag\u00e9e,\u00a0au service des propri\u00e9taires et des locataires. Une aventure n\u00e9e de la passion pour la gestion locative. SELIPA CONCIERGERIE a \u00e9t\u00e9 fond\u00e9e en 2024 par Romaric BIDIAMAMBU SELIPA, anim\u00e9 par une volont\u00e9 claire : simplifier la gestion locative saisonni\u00e8re pour les propri\u00e9taires. [&hellip;]<\/p>\n","protected":false},"author":1,"featured_media":0,"parent":0,"menu_order":0,"comment_status":"closed","ping_status":"closed","template":"elementor_header_footer","meta":{"footnotes":""},"class_list":["post-62","page","type-page","status-publish","hentry"],"yoast_head":"<!-- This site is optimized with the Yoast SEO plugin v27.4 - https:\/\/yoast.com\/product\/yoast-seo-wordpress\/ -->\n<title>Qui sommes-nous - Notre histoire \u2013 Selipa Conciergerie \u00e0 Rennes<\/title>\n<meta name=\"description\" content=\"D\u00e9couvrez Selipa Conciergerie \u00e0 Rennes : notre histoire, nos valeurs et notre engagement humain pour g\u00e9rer vos biens.\" \/>\n<meta name=\"robots\" content=\"index, follow, max-snippet:-1, max-image-preview:large, max-video-preview:-1\" \/>\n<link rel=\"canonical\" href=\"https:\/\/selipaconciergerie.com\/index.php\/qui-sommes-nous\/\" \/>\n<meta property=\"og:locale\" content=\"fr_FR\" \/>\n<meta property=\"og:type\" content=\"article\" \/>\n<meta property=\"og:title\" content=\"Qui sommes-nous - Notre histoire \u2013 Selipa Conciergerie \u00e0 Rennes\" \/>\n<meta property=\"og:description\" content=\"D\u00e9couvrez Selipa Conciergerie \u00e0 Rennes : notre histoire, nos valeurs et notre engagement humain pour g\u00e9rer vos biens.\" \/>\n<meta property=\"og:url\" content=\"https:\/\/selipaconciergerie.com\/index.php\/qui-sommes-nous\/\" \/>\n<meta property=\"article:modified_time\" content=\"2025-08-30T16:19:56+00:00\" \/>\n<meta property=\"og:image\" content=\"https:\/\/selipaconciergerie.com\/wp-content\/uploads\/2025\/01\/Romaric.webp\" \/>\n\t<meta property=\"og:image:width\" content=\"768\" \/>\n\t<meta property=\"og:image:height\" content=\"749\" \/>\n\t<meta property=\"og:image:type\" content=\"image\/webp\" \/>\n<meta name=\"twitter:card\" content=\"summary_large_image\" \/>\n<meta name=\"twitter:label1\" content=\"Dur\u00e9e de lecture estim\u00e9e\" \/>\n\t<meta name=\"twitter:data1\" content=\"3 minutes\" \/>\n<script type=\"application\/ld+json\" class=\"yoast-schema-graph\">{\"@context\":\"https:\\\/\\\/schema.org\",\"@graph\":[{\"@type\":\"WebPage\",\"@id\":\"https:\\\/\\\/selipaconciergerie.com\\\/index.php\\\/qui-sommes-nous\\\/\",\"url\":\"https:\\\/\\\/selipaconciergerie.com\\\/index.php\\\/qui-sommes-nous\\\/\",\"name\":\"Qui sommes-nous - Notre histoire \u2013 Selipa Conciergerie \u00e0 Rennes\",\"isPartOf\":{\"@id\":\"https:\\\/\\\/selipaconciergerie.com\\\/#website\"},\"primaryImageOfPage\":{\"@id\":\"https:\\\/\\\/selipaconciergerie.com\\\/index.php\\\/qui-sommes-nous\\\/#primaryimage\"},\"image\":{\"@id\":\"https:\\\/\\\/selipaconciergerie.com\\\/index.php\\\/qui-sommes-nous\\\/#primaryimage\"},\"thumbnailUrl\":\"http:\\\/\\\/selipaconciergerie.com\\\/wp-content\\\/uploads\\\/2025\\\/01\\\/Romaric.webp\",\"datePublished\":\"2024-12-30T14:55:16+00:00\",\"dateModified\":\"2025-08-30T16:19:56+00:00\",\"description\":\"D\u00e9couvrez Selipa Conciergerie \u00e0 Rennes : notre histoire, nos valeurs et notre engagement humain pour g\u00e9rer vos biens.\",\"breadcrumb\":{\"@id\":\"https:\\\/\\\/selipaconciergerie.com\\\/index.php\\\/qui-sommes-nous\\\/#breadcrumb\"},\"inLanguage\":\"fr-FR\",\"potentialAction\":[{\"@type\":\"ReadAction\",\"target\":[\"https:\\\/\\\/selipaconciergerie.com\\\/index.php\\\/qui-sommes-nous\\\/\"]}]},{\"@type\":\"ImageObject\",\"inLanguage\":\"fr-FR\",\"@id\":\"https:\\\/\\\/selipaconciergerie.com\\\/index.php\\\/qui-sommes-nous\\\/#primaryimage\",\"url\":\"https:\\\/\\\/selipaconciergerie.com\\\/wp-content\\\/uploads\\\/2025\\\/01\\\/Romaric.webp\",\"contentUrl\":\"https:\\\/\\\/selipaconciergerie.com\\\/wp-content\\\/uploads\\\/2025\\\/01\\\/Romaric.webp\",\"width\":768,\"height\":749,\"caption\":\"Conciergerie\"},{\"@type\":\"BreadcrumbList\",\"@id\":\"https:\\\/\\\/selipaconciergerie.com\\\/index.php\\\/qui-sommes-nous\\\/#breadcrumb\",\"itemListElement\":[{\"@type\":\"ListItem\",\"position\":1,\"name\":\"Accueil\",\"item\":\"https:\\\/\\\/selipaconciergerie.com\\\/\"},{\"@type\":\"ListItem\",\"position\":2,\"name\":\"Qui sommes-nous\"}]},{\"@type\":\"WebSite\",\"@id\":\"https:\\\/\\\/selipaconciergerie.com\\\/#website\",\"url\":\"https:\\\/\\\/selipaconciergerie.com\\\/\",\"name\":\"\",\"description\":\"\",\"potentialAction\":[{\"@type\":\"SearchAction\",\"target\":{\"@type\":\"EntryPoint\",\"urlTemplate\":\"https:\\\/\\\/selipaconciergerie.com\\\/?s={search_term_string}\"},\"query-input\":{\"@type\":\"PropertyValueSpecification\",\"valueRequired\":true,\"valueName\":\"search_term_string\"}}],\"inLanguage\":\"fr-FR\"}]}<\/script>\n<!-- \/ Yoast SEO plugin. -->","yoast_head_json":{"title":"Qui sommes-nous - Notre histoire \u2013 Selipa Conciergerie \u00e0 Rennes","description":"D\u00e9couvrez Selipa Conciergerie \u00e0 Rennes : notre histoire, nos valeurs et notre engagement humain pour g\u00e9rer vos biens.","robots":{"index":"index","follow":"follow","max-snippet":"max-snippet:-1","max-image-preview":"max-image-preview:large","max-video-preview":"max-video-preview:-1"},"canonical":"https:\/\/selipaconciergerie.com\/index.php\/qui-sommes-nous\/","og_locale":"fr_FR","og_type":"article","og_title":"Qui sommes-nous - Notre histoire \u2013 Selipa Conciergerie \u00e0 Rennes","og_description":"D\u00e9couvrez Selipa Conciergerie \u00e0 Rennes : notre histoire, nos valeurs et notre engagement humain pour g\u00e9rer vos biens.","og_url":"https:\/\/selipaconciergerie.com\/index.php\/qui-sommes-nous\/","article_modified_time":"2025-08-30T16:19:56+00:00","og_image":[{"width":768,"height":749,"url":"https:\/\/selipaconciergerie.com\/wp-content\/uploads\/2025\/01\/Romaric.webp","type":"image\/webp"}],"twitter_card":"summary_large_image","twitter_misc":{"Dur\u00e9e de lecture estim\u00e9e":"3 minutes"},"schema":{"@context":"https:\/\/schema.org","@graph":[{"@type":"WebPage","@id":"https:\/\/selipaconciergerie.com\/index.php\/qui-sommes-nous\/","url":"https:\/\/selipaconciergerie.com\/index.php\/qui-sommes-nous\/","name":"Qui sommes-nous - Notre histoire \u2013 Selipa Conciergerie \u00e0 Rennes","isPartOf":{"@id":"https:\/\/selipaconciergerie.com\/#website"},"primaryImageOfPage":{"@id":"https:\/\/selipaconciergerie.com\/index.php\/qui-sommes-nous\/#primaryimage"},"image":{"@id":"https:\/\/selipaconciergerie.com\/index.php\/qui-sommes-nous\/#primaryimage"},"thumbnailUrl":"http:\/\/selipaconciergerie.com\/wp-content\/uploads\/2025\/01\/Romaric.webp","datePublished":"2024-12-30T14:55:16+00:00","dateModified":"2025-08-30T16:19:56+00:00","description":"D\u00e9couvrez Selipa Conciergerie \u00e0 Rennes : notre histoire, nos valeurs et notre engagement humain pour g\u00e9rer vos biens.","breadcrumb":{"@id":"https:\/\/selipaconciergerie.com\/index.php\/qui-sommes-nous\/#breadcrumb"},"inLanguage":"fr-FR","potentialAction":[{"@type":"ReadAction","target":["https:\/\/selipaconciergerie.com\/index.php\/qui-sommes-nous\/"]}]},{"@type":"ImageObject","inLanguage":"fr-FR","@id":"https:\/\/selipaconciergerie.com\/index.php\/qui-sommes-nous\/#primaryimage","url":"https:\/\/selipaconciergerie.com\/wp-content\/uploads\/2025\/01\/Romaric.webp","contentUrl":"https:\/\/selipaconciergerie.com\/wp-content\/uploads\/2025\/01\/Romaric.webp","width":768,"height":749,"caption":"Conciergerie"},{"@type":"BreadcrumbList","@id":"https:\/\/selipaconciergerie.com\/index.php\/qui-sommes-nous\/#breadcrumb","itemListElement":[{"@type":"ListItem","position":1,"name":"Accueil","item":"https:\/\/selipaconciergerie.com\/"},{"@type":"ListItem","position":2,"name":"Qui sommes-nous"}]},{"@type":"WebSite","@id":"https:\/\/selipaconciergerie.com\/#website","url":"https:\/\/selipaconciergerie.com\/","name":"","description":"","potentialAction":[{"@type":"SearchAction","target":{"@type":"EntryPoint","urlTemplate":"https:\/\/selipaconciergerie.com\/?s={search_term_string}"},"query-input":{"@type":"PropertyValueSpecification","valueRequired":true,"valueName":"search_term_string"}}],"inLanguage":"fr-FR"}]}},"_links":{"self":[{"href":"https:\/\/selipaconciergerie.com\/index.php\/wp-json\/wp\/v2\/pages\/62","targetHints":{"allow":["GET"]}}],"collection":[{"href":"https:\/\/selipaconciergerie.com\/index.php\/wp-json\/wp\/v2\/pages"}],"about":[{"href":"https:\/\/selipaconciergerie.com\/index.php\/wp-json\/wp\/v2\/types\/page"}],"author":[{"embeddable":true,"href":"https:\/\/selipaconciergerie.com\/index.php\/wp-json\/wp\/v2\/users\/1"}],"replies":[{"embeddable":true,"href":"https:\/\/selipaconciergerie.com\/index.php\/wp-json\/wp\/v2\/comments?post=62"}],"version-history":[{"count":778,"href":"https:\/\/selipaconciergerie.com\/index.php\/wp-json\/wp\/v2\/pages\/62\/revisions"}],"predecessor-version":[{"id":8795,"href":"https:\/\/selipaconciergerie.com\/index.php\/wp-json\/wp\/v2\/pages\/62\/revisions\/8795"}],"wp:attachment":[{"href":"https:\/\/selipaconciergerie.com\/index.php\/wp-json\/wp\/v2\/media?parent=62"}],"curies":[{"name":"wp","href":"https:\/\/api.w.org\/{rel}","templated":true}]}}