{"id":5900,"date":"2025-01-22T11:56:03","date_gmt":"2025-01-22T10:56:03","guid":{"rendered":"https:\/\/selipaconciergerie.com\/?page_id=5900"},"modified":"2025-08-15T10:35:48","modified_gmt":"2025-08-15T08:35:48","slug":"politique-de-confidentialite","status":"publish","type":"page","link":"https:\/\/selipaconciergerie.com\/index.php\/politique-de-confidentialite\/","title":{"rendered":"POLITIQUE DE CONFIDENTIALITE"},"content":{"rendered":"\t\t<div data-elementor-type=\"wp-page\" data-elementor-id=\"5900\" class=\"elementor elementor-5900\">\n\t\t\t\t<div class=\"elementor-element elementor-element-7389d0cf e-flex e-con-boxed e-con e-parent\" data-id=\"7389d0cf\" data-element_type=\"container\" data-e-type=\"container\" data-settings=\"{&quot;shape_divider_bottom&quot;:&quot;opacity-fan&quot;}\">\n\t\t\t\t\t<div class=\"e-con-inner\">\n\t\t\t\t<div class=\"elementor-shape elementor-shape-bottom\" aria-hidden=\"true\" data-negative=\"false\">\n\t\t\t<svg xmlns=\"http:\/\/www.w3.org\/2000\/svg\" viewBox=\"0 0 283.5 19.6\" preserveAspectRatio=\"none\">\n\t<path class=\"elementor-shape-fill\" style=\"opacity:0.33\" d=\"M0 0L0 18.8 141.8 4.1 283.5 18.8 283.5 0z\"\/>\n\t<path class=\"elementor-shape-fill\" style=\"opacity:0.33\" d=\"M0 0L0 12.6 141.8 4 283.5 12.6 283.5 0z\"\/>\n\t<path class=\"elementor-shape-fill\" style=\"opacity:0.33\" d=\"M0 0L0 6.4 141.8 4 283.5 6.4 283.5 0z\"\/>\n\t<path class=\"elementor-shape-fill\" d=\"M0 0L0 1.2 141.8 4 283.5 1.2 283.5 0z\"\/>\n<\/svg>\t\t<\/div>\n\t\t<div class=\"elementor-element elementor-element-168b19ff e-flex e-con-boxed e-con e-child\" data-id=\"168b19ff\" data-element_type=\"container\" data-e-type=\"container\">\n\t\t\t\t\t<div class=\"e-con-inner\">\n\t\t\t\t<div class=\"elementor-element elementor-element-5a200794 elementor-widget elementor-widget-heading\" data-id=\"5a200794\" data-element_type=\"widget\" data-e-type=\"widget\" data-widget_type=\"heading.default\">\n\t\t\t\t<div class=\"elementor-widget-container\">\n\t\t\t\t\t<h1 class=\"elementor-heading-title elementor-size-default\">Politique de confidentialit\u00e9<\/h1>\t\t\t\t<\/div>\n\t\t\t\t<\/div>\n\t\t\t\t\t<\/div>\n\t\t\t\t<\/div>\n\t\t\t\t\t<\/div>\n\t\t\t\t<\/div>\n\t\t<div class=\"elementor-element elementor-element-603f02cf e-flex e-con-boxed e-con e-parent\" data-id=\"603f02cf\" data-element_type=\"container\" data-e-type=\"container\" data-settings=\"{&quot;shape_divider_top&quot;:&quot;opacity-tilt&quot;,&quot;shape_divider_bottom&quot;:&quot;opacity-tilt&quot;}\">\n\t\t\t\t\t<div class=\"e-con-inner\">\n\t\t\t\t<div class=\"elementor-shape elementor-shape-top\" aria-hidden=\"true\" data-negative=\"false\">\n\t\t\t<svg xmlns=\"http:\/\/www.w3.org\/2000\/svg\" viewBox=\"0 0 2600 131.1\" preserveAspectRatio=\"none\">\n\t<path class=\"elementor-shape-fill\" d=\"M0 0L2600 0 2600 69.1 0 0z\"\/>\n\t<path class=\"elementor-shape-fill\" style=\"opacity:0.5\" d=\"M0 0L2600 0 2600 69.1 0 69.1z\"\/>\n\t<path class=\"elementor-shape-fill\" style=\"opacity:0.25\" d=\"M2600 0L0 0 0 130.1 2600 69.1z\"\/>\n<\/svg>\t\t<\/div>\n\t\t\t\t<div class=\"elementor-shape elementor-shape-bottom\" aria-hidden=\"true\" data-negative=\"false\">\n\t\t\t<svg xmlns=\"http:\/\/www.w3.org\/2000\/svg\" viewBox=\"0 0 2600 131.1\" preserveAspectRatio=\"none\">\n\t<path class=\"elementor-shape-fill\" d=\"M0 0L2600 0 2600 69.1 0 0z\"\/>\n\t<path class=\"elementor-shape-fill\" style=\"opacity:0.5\" d=\"M0 0L2600 0 2600 69.1 0 69.1z\"\/>\n\t<path class=\"elementor-shape-fill\" style=\"opacity:0.25\" d=\"M2600 0L0 0 0 130.1 2600 69.1z\"\/>\n<\/svg>\t\t<\/div>\n\t\t\t\t<div class=\"elementor-element elementor-element-470a85c elementor-widget elementor-widget-text-editor\" data-id=\"470a85c\" data-element_type=\"widget\" data-e-type=\"widget\" data-widget_type=\"text-editor.default\">\n\t\t\t\t<div class=\"elementor-widget-container\">\n\t\t\t\t\t\t\t\t\t<h4><strong>Introduction<\/strong><\/h4><p>La protection de vos donn\u00e9es personnelles est une priorit\u00e9 pour <strong>SELIPA CONCIERGERIE<\/strong>. Cette politique de confidentialit\u00e9 d\u00e9crit comment nous collectons, utilisons, partageons et prot\u00e9geons vos donn\u00e9es lorsque vous utilisez notre site web. Elle est conforme au <strong>R\u00e8glement G\u00e9n\u00e9ral sur la Protection des Donn\u00e9es (RGPD)<\/strong> et \u00e0 la l\u00e9gislation fran\u00e7aise en vigueur.<\/p><h4><strong>Responsable du traitement des donn\u00e9es<\/strong><\/h4><p>Le responsable du traitement des donn\u00e9es collect\u00e9es sur ce site est :<br \/><strong>SELIPA CONCIERGERIE<br \/><\/strong>Entreprise individuelle dirig\u00e9e par <strong>Romaric BIDIAMAMBU SELIPA<br \/><\/strong>Si\u00e8ge social : 81 Mail Fran\u00e7ois Mitterrand, 35000 Rennes, France<br \/>Contact : contact@selipaconciergerie.com<\/p><h4><strong>Donn\u00e9es collect\u00e9es<\/strong><\/h4><p>Nous collectons les informations suivantes lorsque vous utilisez notre site :<\/p><ul><li><strong>Donn\u00e9es fournies volontairement<\/strong> :<ul><li>Nom et pr\u00e9nom<\/li><li>Adresse e-mail<\/li><li>Num\u00e9ro de t\u00e9l\u00e9phone<\/li><li>Messages ou demandes via le formulaire de contact<\/li><\/ul><\/li><li><strong>Donn\u00e9es collect\u00e9es automatiquement<\/strong> :<ul><li>Adresse IP<\/li><li>Informations sur votre navigateur et appareil<\/li><li>Donn\u00e9es de navigation (pages visit\u00e9es, temps pass\u00e9 sur le site, etc.)<\/li><\/ul><\/li><\/ul><h4><strong>Finalit\u00e9 de la collecte des donn\u00e9es<\/strong><\/h4><p>Les donn\u00e9es collect\u00e9es sont utilis\u00e9es pour :<\/p><ul><li>R\u00e9pondre \u00e0 vos demandes ou messages via le formulaire de contact.<\/li><li>G\u00e9rer vos r\u00e9servations ou demandes d&rsquo;informations sur nos services.<\/li><li>Am\u00e9liorer votre exp\u00e9rience utilisateur sur notre site gr\u00e2ce \u00e0 l\u2019analyse de donn\u00e9es de navigation.<\/li><li>Vous envoyer des informations ou des offres commerciales si vous y avez consenti.<\/li><\/ul><h4><strong>Partage des donn\u00e9es<\/strong><\/h4><p>Vos donn\u00e9es ne sont jamais vendues \u00e0 des tiers. Elles peuvent \u00eatre partag\u00e9es uniquement avec :<\/p><ul><li>Les prestataires techniques et partenaires n\u00e9cessaires \u00e0 l\u2019h\u00e9bergement du site (ex. OVH).<\/li><li>Les autorit\u00e9s comp\u00e9tentes dans le cadre d\u2019obligations l\u00e9gales ou r\u00e9glementaires.<\/li><\/ul><h4><strong>Dur\u00e9e de conservation des donn\u00e9es<\/strong><\/h4><p>Vos donn\u00e9es sont conserv\u00e9es :<\/p><ul><li><strong>Donn\u00e9es de contact<\/strong> : 3 ans apr\u00e8s votre dernier \u00e9change avec SELIPA CONCIERGERIE.<\/li><li><strong>Donn\u00e9es de navigation<\/strong> : 13 mois maximum.<\/li><li><strong>Donn\u00e9es n\u00e9cessaires aux obligations l\u00e9gales<\/strong> : Pendant la dur\u00e9e pr\u00e9vue par la loi.<\/li><\/ul><h4><strong>Vos droits<\/strong><\/h4><p>Conform\u00e9ment au RGPD et \u00e0 la loi \u00ab\u00a0Informatique et Libert\u00e9s\u00a0\u00bb, vous disposez des droits suivants :<\/p><ul><li>Droit d\u2019acc\u00e8s : Consulter les donn\u00e9es vous concernant.<\/li><li>Droit de rectification : Corriger des donn\u00e9es inexactes ou incompl\u00e8tes.<\/li><li>Droit \u00e0 l\u2019effacement : Supprimer vos donn\u00e9es personnelles.<\/li><li>Droit \u00e0 la limitation : Restreindre le traitement de vos donn\u00e9es dans certaines conditions.<\/li><li>Droit d\u2019opposition : Refuser le traitement de vos donn\u00e9es personnelles.<\/li><li>Droit \u00e0 la portabilit\u00e9 : Recevoir vos donn\u00e9es dans un format lisible.<\/li><\/ul><p>Pour exercer vos droits, contactez-nous \u00e0 <strong>contact@selipaconciergerie.com<\/strong> en pr\u00e9cisant votre demande. Une pi\u00e8ce d\u2019identit\u00e9 pourra \u00eatre demand\u00e9e pour v\u00e9rification.<\/p><h4><strong>Cookies<\/strong><\/h4><p>Notre site utilise des cookies pour :<\/p><ul><li>Am\u00e9liorer votre navigation.<\/li><li>Collecter des statistiques anonymes via des outils tels que Google Analytics.<\/li><\/ul><p>Lors de votre premi\u00e8re visite, un bandeau vous permet de g\u00e9rer vos pr\u00e9f\u00e9rences en mati\u00e8re de cookies. Vous pouvez \u00e9galement configurer votre navigateur pour bloquer ou supprimer les cookies.<\/p><h4><strong>S\u00e9curit\u00e9 des donn\u00e9es<\/strong><\/h4><p>SELIPA CONCIERGERIE met en \u0153uvre des mesures techniques et organisationnelles pour prot\u00e9ger vos donn\u00e9es contre les acc\u00e8s non autoris\u00e9s, pertes, ou alt\u00e9rations.<\/p><h4><strong>Modification de la politique<\/strong><\/h4><p>SELIPA CONCIERGERIE se r\u00e9serve le droit de modifier cette politique de confidentialit\u00e9 \u00e0 tout moment. Les mises \u00e0 jour seront publi\u00e9es sur cette page avec la date de r\u00e9vision.<\/p><h4><strong>Contact<\/strong><\/h4><p>Pour toute question concernant cette politique ou le traitement de vos donn\u00e9es personnelles, contactez-nous \u00e0 <strong>contact@selipaconciergerie.com<\/strong>.<\/p>\t\t\t\t\t\t\t\t<\/div>\n\t\t\t\t<\/div>\n\t\t\t\t\t<\/div>\n\t\t\t\t<\/div>\n\t\t\t\t<\/div>\n\t\t","protected":false},"excerpt":{"rendered":"<p>Politique de confidentialit\u00e9 Introduction La protection de vos donn\u00e9es personnelles est une priorit\u00e9 pour SELIPA CONCIERGERIE. Cette politique de confidentialit\u00e9 d\u00e9crit comment nous collectons, utilisons, partageons et prot\u00e9geons vos donn\u00e9es lorsque vous utilisez notre site web. Elle est conforme au R\u00e8glement G\u00e9n\u00e9ral sur la Protection des Donn\u00e9es (RGPD) et \u00e0 la l\u00e9gislation fran\u00e7aise en vigueur. [&hellip;]<\/p>\n","protected":false},"author":1,"featured_media":0,"parent":0,"menu_order":0,"comment_status":"closed","ping_status":"closed","template":"elementor_header_footer","meta":{"footnotes":""},"class_list":["post-5900","page","type-page","status-publish","hentry"],"yoast_head":"<!-- This site is optimized with the Yoast SEO plugin v27.4 - https:\/\/yoast.com\/product\/yoast-seo-wordpress\/ -->\n<title>POLITIQUE DE CONFIDENTIALITE - Selipa Conciergerie Rennes<\/title>\n<meta name=\"description\" content=\"Politique de confidentialit\u00e9 de Selipa Conciergerie (Rennes) : protection de vos donn\u00e9es personnelles, cookies, droits RGPD et contact DPO.\" \/>\n<meta name=\"robots\" content=\"index, follow, max-snippet:-1, max-image-preview:large, max-video-preview:-1\" \/>\n<link rel=\"canonical\" href=\"https:\/\/selipaconciergerie.com\/index.php\/politique-de-confidentialite\/\" \/>\n<meta property=\"og:locale\" content=\"fr_FR\" \/>\n<meta property=\"og:type\" content=\"article\" \/>\n<meta property=\"og:title\" content=\"POLITIQUE DE CONFIDENTIALITE - Selipa Conciergerie Rennes\" \/>\n<meta property=\"og:description\" content=\"Politique de confidentialit\u00e9 de Selipa Conciergerie (Rennes) : protection de vos donn\u00e9es personnelles, cookies, droits RGPD et contact DPO.\" \/>\n<meta property=\"og:url\" content=\"https:\/\/selipaconciergerie.com\/index.php\/politique-de-confidentialite\/\" \/>\n<meta property=\"article:modified_time\" content=\"2025-08-15T08:35:48+00:00\" \/>\n<meta name=\"twitter:card\" content=\"summary_large_image\" \/>\n<meta name=\"twitter:label1\" content=\"Dur\u00e9e de lecture estim\u00e9e\" \/>\n\t<meta name=\"twitter:data1\" content=\"3 minutes\" \/>\n<script type=\"application\/ld+json\" class=\"yoast-schema-graph\">{\"@context\":\"https:\\\/\\\/schema.org\",\"@graph\":[{\"@type\":\"WebPage\",\"@id\":\"https:\\\/\\\/selipaconciergerie.com\\\/index.php\\\/politique-de-confidentialite\\\/\",\"url\":\"https:\\\/\\\/selipaconciergerie.com\\\/index.php\\\/politique-de-confidentialite\\\/\",\"name\":\"POLITIQUE DE CONFIDENTIALITE - Selipa Conciergerie Rennes\",\"isPartOf\":{\"@id\":\"https:\\\/\\\/selipaconciergerie.com\\\/#website\"},\"datePublished\":\"2025-01-22T10:56:03+00:00\",\"dateModified\":\"2025-08-15T08:35:48+00:00\",\"description\":\"Politique de confidentialit\u00e9 de Selipa Conciergerie (Rennes) : protection de vos donn\u00e9es personnelles, cookies, droits RGPD et contact DPO.\",\"breadcrumb\":{\"@id\":\"https:\\\/\\\/selipaconciergerie.com\\\/index.php\\\/politique-de-confidentialite\\\/#breadcrumb\"},\"inLanguage\":\"fr-FR\",\"potentialAction\":[{\"@type\":\"ReadAction\",\"target\":[\"https:\\\/\\\/selipaconciergerie.com\\\/index.php\\\/politique-de-confidentialite\\\/\"]}]},{\"@type\":\"BreadcrumbList\",\"@id\":\"https:\\\/\\\/selipaconciergerie.com\\\/index.php\\\/politique-de-confidentialite\\\/#breadcrumb\",\"itemListElement\":[{\"@type\":\"ListItem\",\"position\":1,\"name\":\"Accueil\",\"item\":\"https:\\\/\\\/selipaconciergerie.com\\\/\"},{\"@type\":\"ListItem\",\"position\":2,\"name\":\"POLITIQUE DE CONFIDENTIALITE\"}]},{\"@type\":\"WebSite\",\"@id\":\"https:\\\/\\\/selipaconciergerie.com\\\/#website\",\"url\":\"https:\\\/\\\/selipaconciergerie.com\\\/\",\"name\":\"\",\"description\":\"\",\"potentialAction\":[{\"@type\":\"SearchAction\",\"target\":{\"@type\":\"EntryPoint\",\"urlTemplate\":\"https:\\\/\\\/selipaconciergerie.com\\\/?s={search_term_string}\"},\"query-input\":{\"@type\":\"PropertyValueSpecification\",\"valueRequired\":true,\"valueName\":\"search_term_string\"}}],\"inLanguage\":\"fr-FR\"}]}<\/script>\n<!-- \/ Yoast SEO plugin. -->","yoast_head_json":{"title":"POLITIQUE DE CONFIDENTIALITE - Selipa Conciergerie Rennes","description":"Politique de confidentialit\u00e9 de Selipa Conciergerie (Rennes) : protection de vos donn\u00e9es personnelles, cookies, droits RGPD et contact DPO.","robots":{"index":"index","follow":"follow","max-snippet":"max-snippet:-1","max-image-preview":"max-image-preview:large","max-video-preview":"max-video-preview:-1"},"canonical":"https:\/\/selipaconciergerie.com\/index.php\/politique-de-confidentialite\/","og_locale":"fr_FR","og_type":"article","og_title":"POLITIQUE DE CONFIDENTIALITE - Selipa Conciergerie Rennes","og_description":"Politique de confidentialit\u00e9 de Selipa Conciergerie (Rennes) : protection de vos donn\u00e9es personnelles, cookies, droits RGPD et contact DPO.","og_url":"https:\/\/selipaconciergerie.com\/index.php\/politique-de-confidentialite\/","article_modified_time":"2025-08-15T08:35:48+00:00","twitter_card":"summary_large_image","twitter_misc":{"Dur\u00e9e de lecture estim\u00e9e":"3 minutes"},"schema":{"@context":"https:\/\/schema.org","@graph":[{"@type":"WebPage","@id":"https:\/\/selipaconciergerie.com\/index.php\/politique-de-confidentialite\/","url":"https:\/\/selipaconciergerie.com\/index.php\/politique-de-confidentialite\/","name":"POLITIQUE DE CONFIDENTIALITE - Selipa Conciergerie Rennes","isPartOf":{"@id":"https:\/\/selipaconciergerie.com\/#website"},"datePublished":"2025-01-22T10:56:03+00:00","dateModified":"2025-08-15T08:35:48+00:00","description":"Politique de confidentialit\u00e9 de Selipa Conciergerie (Rennes) : protection de vos donn\u00e9es personnelles, cookies, droits RGPD et contact DPO.","breadcrumb":{"@id":"https:\/\/selipaconciergerie.com\/index.php\/politique-de-confidentialite\/#breadcrumb"},"inLanguage":"fr-FR","potentialAction":[{"@type":"ReadAction","target":["https:\/\/selipaconciergerie.com\/index.php\/politique-de-confidentialite\/"]}]},{"@type":"BreadcrumbList","@id":"https:\/\/selipaconciergerie.com\/index.php\/politique-de-confidentialite\/#breadcrumb","itemListElement":[{"@type":"ListItem","position":1,"name":"Accueil","item":"https:\/\/selipaconciergerie.com\/"},{"@type":"ListItem","position":2,"name":"POLITIQUE DE CONFIDENTIALITE"}]},{"@type":"WebSite","@id":"https:\/\/selipaconciergerie.com\/#website","url":"https:\/\/selipaconciergerie.com\/","name":"","description":"","potentialAction":[{"@type":"SearchAction","target":{"@type":"EntryPoint","urlTemplate":"https:\/\/selipaconciergerie.com\/?s={search_term_string}"},"query-input":{"@type":"PropertyValueSpecification","valueRequired":true,"valueName":"search_term_string"}}],"inLanguage":"fr-FR"}]}},"_links":{"self":[{"href":"https:\/\/selipaconciergerie.com\/index.php\/wp-json\/wp\/v2\/pages\/5900","targetHints":{"allow":["GET"]}}],"collection":[{"href":"https:\/\/selipaconciergerie.com\/index.php\/wp-json\/wp\/v2\/pages"}],"about":[{"href":"https:\/\/selipaconciergerie.com\/index.php\/wp-json\/wp\/v2\/types\/page"}],"author":[{"embeddable":true,"href":"https:\/\/selipaconciergerie.com\/index.php\/wp-json\/wp\/v2\/users\/1"}],"replies":[{"embeddable":true,"href":"https:\/\/selipaconciergerie.com\/index.php\/wp-json\/wp\/v2\/comments?post=5900"}],"version-history":[{"count":22,"href":"https:\/\/selipaconciergerie.com\/index.php\/wp-json\/wp\/v2\/pages\/5900\/revisions"}],"predecessor-version":[{"id":7628,"href":"https:\/\/selipaconciergerie.com\/index.php\/wp-json\/wp\/v2\/pages\/5900\/revisions\/7628"}],"wp:attachment":[{"href":"https:\/\/selipaconciergerie.com\/index.php\/wp-json\/wp\/v2\/media?parent=5900"}],"curies":[{"name":"wp","href":"https:\/\/api.w.org\/{rel}","templated":true}]}}