{"id":5867,"date":"2025-01-22T11:44:30","date_gmt":"2025-01-22T10:44:30","guid":{"rendered":"https:\/\/selipaconciergerie.com\/?page_id=5867"},"modified":"2025-08-15T10:28:01","modified_gmt":"2025-08-15T08:28:01","slug":"mentions-legales","status":"publish","type":"page","link":"https:\/\/selipaconciergerie.com\/index.php\/mentions-legales\/","title":{"rendered":"Mentions l\u00e9gales"},"content":{"rendered":"\t\t<div data-elementor-type=\"wp-page\" data-elementor-id=\"5867\" class=\"elementor elementor-5867\">\n\t\t\t\t<div class=\"elementor-element elementor-element-7389d0cf e-flex e-con-boxed e-con e-parent\" data-id=\"7389d0cf\" data-element_type=\"container\" data-e-type=\"container\" data-settings=\"{&quot;shape_divider_bottom&quot;:&quot;opacity-fan&quot;}\">\n\t\t\t\t\t<div class=\"e-con-inner\">\n\t\t\t\t<div class=\"elementor-shape elementor-shape-bottom\" aria-hidden=\"true\" data-negative=\"false\">\n\t\t\t<svg xmlns=\"http:\/\/www.w3.org\/2000\/svg\" viewBox=\"0 0 283.5 19.6\" preserveAspectRatio=\"none\">\n\t<path class=\"elementor-shape-fill\" style=\"opacity:0.33\" d=\"M0 0L0 18.8 141.8 4.1 283.5 18.8 283.5 0z\"\/>\n\t<path class=\"elementor-shape-fill\" style=\"opacity:0.33\" d=\"M0 0L0 12.6 141.8 4 283.5 12.6 283.5 0z\"\/>\n\t<path class=\"elementor-shape-fill\" style=\"opacity:0.33\" d=\"M0 0L0 6.4 141.8 4 283.5 6.4 283.5 0z\"\/>\n\t<path class=\"elementor-shape-fill\" d=\"M0 0L0 1.2 141.8 4 283.5 1.2 283.5 0z\"\/>\n<\/svg>\t\t<\/div>\n\t\t<div class=\"elementor-element elementor-element-168b19ff e-flex e-con-boxed e-con e-child\" data-id=\"168b19ff\" data-element_type=\"container\" data-e-type=\"container\">\n\t\t\t\t\t<div class=\"e-con-inner\">\n\t\t\t\t<div class=\"elementor-element elementor-element-5a200794 elementor-widget elementor-widget-heading\" data-id=\"5a200794\" data-element_type=\"widget\" data-e-type=\"widget\" data-widget_type=\"heading.default\">\n\t\t\t\t<div class=\"elementor-widget-container\">\n\t\t\t\t\t<h1 class=\"elementor-heading-title elementor-size-default\">Mentions l\u00e9gales<\/h1>\t\t\t\t<\/div>\n\t\t\t\t<\/div>\n\t\t\t\t\t<\/div>\n\t\t\t\t<\/div>\n\t\t\t\t\t<\/div>\n\t\t\t\t<\/div>\n\t\t<div class=\"elementor-element elementor-element-603f02cf e-flex e-con-boxed e-con e-parent\" data-id=\"603f02cf\" data-element_type=\"container\" data-e-type=\"container\" data-settings=\"{&quot;shape_divider_top&quot;:&quot;opacity-tilt&quot;,&quot;shape_divider_bottom&quot;:&quot;opacity-tilt&quot;}\">\n\t\t\t\t\t<div class=\"e-con-inner\">\n\t\t\t\t<div class=\"elementor-shape elementor-shape-top\" aria-hidden=\"true\" data-negative=\"false\">\n\t\t\t<svg xmlns=\"http:\/\/www.w3.org\/2000\/svg\" viewBox=\"0 0 2600 131.1\" preserveAspectRatio=\"none\">\n\t<path class=\"elementor-shape-fill\" d=\"M0 0L2600 0 2600 69.1 0 0z\"\/>\n\t<path class=\"elementor-shape-fill\" style=\"opacity:0.5\" d=\"M0 0L2600 0 2600 69.1 0 69.1z\"\/>\n\t<path class=\"elementor-shape-fill\" style=\"opacity:0.25\" d=\"M2600 0L0 0 0 130.1 2600 69.1z\"\/>\n<\/svg>\t\t<\/div>\n\t\t\t\t<div class=\"elementor-shape elementor-shape-bottom\" aria-hidden=\"true\" data-negative=\"false\">\n\t\t\t<svg xmlns=\"http:\/\/www.w3.org\/2000\/svg\" viewBox=\"0 0 2600 131.1\" preserveAspectRatio=\"none\">\n\t<path class=\"elementor-shape-fill\" d=\"M0 0L2600 0 2600 69.1 0 0z\"\/>\n\t<path class=\"elementor-shape-fill\" style=\"opacity:0.5\" d=\"M0 0L2600 0 2600 69.1 0 69.1z\"\/>\n\t<path class=\"elementor-shape-fill\" style=\"opacity:0.25\" d=\"M2600 0L0 0 0 130.1 2600 69.1z\"\/>\n<\/svg>\t\t<\/div>\n\t\t\t\t<div class=\"elementor-element elementor-element-470a85c elementor-widget elementor-widget-text-editor\" data-id=\"470a85c\" data-element_type=\"widget\" data-e-type=\"widget\" data-widget_type=\"text-editor.default\">\n\t\t\t\t<div class=\"elementor-widget-container\">\n\t\t\t\t\t\t\t\t\t<h4><strong>\u00c9diteur du site<\/strong><\/h4>\n<p>Le pr\u00e9sent site est \u00e9dit\u00e9 par :<br><strong>SELIPA CONCIERGERIE<br><\/strong>Entreprise individuelle dirig\u00e9e par <strong>Romaric BIDIAMAMBU SELIPA<br><\/strong>Si\u00e8ge social : 81 Mail Fran\u00e7ois Mitterrand, 35000 Rennes, France<br>SIRET : 984 913 897 00026<br>Code APE : 96.09Z &#8211; Autres services personnels n.c.a.<br>Date de cr\u00e9ation : 1er mars 2024<br>Contact : contact@selipaconciergerie.com | T\u00e9l\u00e9phone :&nbsp;<span style=\"color: var( --e-global-color-secondary ); text-align: var(--text-align);\">+33 (0) 6 35 56 24 85<\/span><\/p><div class=\"elementor-element elementor-element-16ae9ce e-con-full e-flex e-con e-child\" data-id=\"16ae9ce\" data-element_type=\"container\" style=\"align-self: var(--align-self); flex: var(--flex-grow) var(--flex-shrink) var(--flex-basis); order: var(--order); align-content: var(--align-content); align-items: var(--align-items); flex-direction: var(--flex-direction); flex-wrap: var(--flex-wrap); gap: var(--row-gap) var(--column-gap); justify-content: var(--justify-content); --border-right-width: 0px; --border-bottom-width: 0px; --border-left-width: 0px; --border-style: initial; --border-color: initial; --container-widget-width: 100%; --container-widget-height: initial; --container-widget-flex-grow: 0; --container-widget-align-self: initial; --content-width: min(100%,var(--container-max-width,1140px)); --width: 50%; --min-height: initial; --height: auto; --text-align: initial; --margin-top: 0px; --margin-right: 0px; --margin-bottom: 0px; --margin-left: 0px; --padding-top: var(--container-default-padding-top,10px); --padding-right: var(--container-default-padding-right,10px); --padding-bottom: var(--container-default-padding-bottom,10px); --padding-left: var(--container-default-padding-left,10px); --position: relative; --z-index: revert; --overflow: visible; --row-gap: var(--widgets-spacing-row,20px); --column-gap: var(--widgets-spacing-column,20px); --overlay-mix-blend-mode: initial; --overlay-opacity: 1; --overlay-transition: 0.3s; --e-con-grid-template-columns: repeat(3,1fr); --e-con-grid-template-rows: repeat(2,1fr); border-radius: var(--border-radius); height: var(--height); min-height: var(--min-height); overflow: var(--overflow); position: var(--position); transition: background var(--background-transition,.3s),border var(--border-transition,.3s),box-shadow var(--border-transition,.3s),transform var(--e-con-transform-transition-duration,.4s); width: var(--width); z-index: var(--z-index); --flex-wrap-mobile: wrap; margin-block-end: var(--margin-block-end); margin-block-start: var(--margin-block-start); margin-inline-end: var(--margin-inline-end); margin-inline-start: var(--margin-inline-start); padding-inline-end: var(--padding-inline-end); padding-inline-start: var(--padding-inline-start); --margin-block-start: var(--margin-top); --margin-block-end: var(--margin-bottom); --margin-inline-start: var(--margin-left); --margin-inline-end: var(--margin-right); --padding-inline-start: var(--padding-left); --padding-inline-end: var(--padding-right); --padding-block-start: var(--padding-top); --padding-block-end: var(--padding-bottom); --border-block-start-width: var(--border-top-width); --border-block-end-width: var(--border-bottom-width); --border-inline-start-width: var(--border-left-width); --border-inline-end-width: var(--border-right-width); padding-block-end: var(--padding-block-end); padding-block-start: var(--padding-block-start); text-align: start; display: var(--display); --container-max-width: 1140px; --widgets-spacing: 20px 20px; --widgets-spacing-row: 20px; --widgets-spacing-column: 20px; --display: flex;\"><div class=\"elementor-element elementor-element-92bbc8e animated-slow elementor-widget elementor-widget-image animated zoomIn\" data-id=\"92bbc8e\" data-element_type=\"widget\" data-settings=\"{&quot;_animation&quot;:&quot;zoomIn&quot;,&quot;_animation_delay&quot;:200}\" data-widget_type=\"image.default\" style=\"align-self: var(--align-self); flex-basis: var(--flex-basis); flex-grow: var(--flex-grow); flex-shrink: var(--flex-shrink); order: var(--order); align-content: var(--align-content); align-items: var(--align-items); flex-direction: var(--flex-direction); flex-wrap: var(--flex-wrap); gap: var(--row-gap) var(--column-gap); justify-content: var(--justify-content); --widgets-spacing: 20px 20px; --widgets-spacing-row: 20px; --widgets-spacing-column: 20px;\"><\/div><\/div>\n<h4><strong>Responsable de la publication<\/strong><\/h4>\n<p><strong>Romaric BIDIAMAMBU SELIPA<br><\/strong>Adresse : 81 Mail Fran\u00e7ois Mitterrand, 35000 Rennes, France<br>Contact : contact@selipaconciergerie.com<\/p>\n<h4><strong>H\u00e9bergeur du site<\/strong><\/h4>\n<p>Le site est h\u00e9berg\u00e9 par :<br><strong>OVH<br><\/strong>Adresse : 2 Rue Kellermann, 59100 Roubaix, France<br>Contact : 09 72 10 10 07 | Site web : <a href=\"https:\/\/www.ovh.com\">www.ovh.com<\/a><\/p>\n<h4><strong>Propri\u00e9t\u00e9 intellectuelle<\/strong><\/h4>\n<p>L\u2019ensemble des contenus (textes, images, logos, graphiques, vid\u00e9os, etc.) pr\u00e9sents sur ce site est la propri\u00e9t\u00e9 exclusive de SELIPA CONCIERGERIE ou de ses partenaires, sauf mention contraire explicite. Toute reproduction, repr\u00e9sentation, modification ou diffusion, int\u00e9grale ou partielle, des contenus de ce site sans autorisation pr\u00e9alable est strictement interdite et constitue une contrefa\u00e7on sanctionn\u00e9e par le Code de la Propri\u00e9t\u00e9 Intellectuelle.<\/p>\n<h4><strong>Limitation de responsabilit\u00e9<\/strong><\/h4>\n<p>SELIPA CONCIERGERIE s\u2019efforce de fournir des informations pr\u00e9cises et \u00e0 jour sur son site. Toutefois, nous ne pouvons garantir l\u2019exactitude, l\u2019exhaustivit\u00e9 ou la pertinence des contenus. SELIPA CONCIERGERIE ne saurait \u00eatre tenu responsable des erreurs ou omissions, ni des dommages directs ou indirects r\u00e9sultant de l\u2019usage du site.<\/p>\n<h4><strong>Protection des donn\u00e9es personnelles<\/strong><\/h4>\n<p>Conform\u00e9ment \u00e0 la loi n\u00b078-17 du 6 janvier 1978 modifi\u00e9e relative \u00e0 l\u2019informatique, aux fichiers et aux libert\u00e9s, et au R\u00e8glement G\u00e9n\u00e9ral sur la Protection des Donn\u00e9es (RGPD), les utilisateurs disposent d\u2019un droit d\u2019acc\u00e8s, de rectification, de suppression et d\u2019opposition aux donn\u00e9es les concernant.<br>Pour exercer ces droits, veuillez contacter : contact@selipaconciergerie.com.<\/p>\n<h4><strong>Liens hypertextes<\/strong><\/h4>\n<p>Le site peut contenir des liens hypertextes vers d\u2019autres sites. SELIPA CONCIERGERIE d\u00e9cline toute responsabilit\u00e9 quant au contenu de ces sites externes et aux \u00e9ventuels dommages qu\u2019ils pourraient engendrer.<\/p>\n<h4><strong>Cookies<\/strong><\/h4>\n<p>Le site utilise des cookies pour am\u00e9liorer l\u2019exp\u00e9rience utilisateur et collecter des donn\u00e9es statistiques anonymes. En naviguant sur le site, vous acceptez l\u2019utilisation de ces cookies. Vous pouvez configurer votre navigateur pour refuser ou limiter leur utilisation.<\/p>\n<h4><strong>L\u00e9gislation applicable<\/strong><\/h4>\n<p>Les pr\u00e9sentes mentions l\u00e9gales sont r\u00e9gies par le droit fran\u00e7ais. En cas de litige, et \u00e0 d\u00e9faut de r\u00e9solution amiable, les tribunaux comp\u00e9tents seront ceux de Rennes.<\/p>\t\t\t\t\t\t\t\t<\/div>\n\t\t\t\t<\/div>\n\t\t\t\t\t<\/div>\n\t\t\t\t<\/div>\n\t\t\t\t<\/div>\n\t\t","protected":false},"excerpt":{"rendered":"<p>Mentions l\u00e9gales \u00c9diteur du site Le pr\u00e9sent site est \u00e9dit\u00e9 par :SELIPA CONCIERGERIEEntreprise individuelle dirig\u00e9e par Romaric BIDIAMAMBU SELIPASi\u00e8ge social : 81 Mail Fran\u00e7ois Mitterrand, 35000 Rennes, FranceSIRET : 984 913 897 00026Code APE : 96.09Z &#8211; Autres services personnels n.c.a.Date de cr\u00e9ation : 1er mars 2024Contact : contact@selipaconciergerie.com | T\u00e9l\u00e9phone :&nbsp;+33 (0) 6 35 [&hellip;]<\/p>\n","protected":false},"author":1,"featured_media":0,"parent":0,"menu_order":0,"comment_status":"closed","ping_status":"closed","template":"elementor_header_footer","meta":{"footnotes":""},"class_list":["post-5867","page","type-page","status-publish","hentry"],"yoast_head":"<!-- This site is optimized with the Yoast SEO plugin v27.4 - https:\/\/yoast.com\/product\/yoast-seo-wordpress\/ -->\n<title>Mentions l\u00e9gales - Selipa Conciergerie Rennes<\/title>\n<meta name=\"description\" content=\"Retrouvez ici les mentions l\u00e9gales de Selipa Conciergerie (Rennes) : informations l\u00e9gales, RGPD, h\u00e9bergeur, responsable publication, contact.\" \/>\n<meta name=\"robots\" content=\"index, follow, max-snippet:-1, max-image-preview:large, max-video-preview:-1\" \/>\n<link rel=\"canonical\" href=\"https:\/\/selipaconciergerie.com\/index.php\/mentions-legales\/\" \/>\n<meta property=\"og:locale\" content=\"fr_FR\" \/>\n<meta property=\"og:type\" content=\"article\" \/>\n<meta property=\"og:title\" content=\"Mentions l\u00e9gales - Selipa Conciergerie Rennes\" \/>\n<meta property=\"og:description\" content=\"Retrouvez ici les mentions l\u00e9gales de Selipa Conciergerie (Rennes) : informations l\u00e9gales, RGPD, h\u00e9bergeur, responsable publication, contact.\" \/>\n<meta property=\"og:url\" content=\"https:\/\/selipaconciergerie.com\/index.php\/mentions-legales\/\" \/>\n<meta property=\"article:modified_time\" content=\"2025-08-15T08:28:01+00:00\" \/>\n<meta name=\"twitter:card\" content=\"summary_large_image\" \/>\n<meta name=\"twitter:label1\" content=\"Dur\u00e9e de lecture estim\u00e9e\" \/>\n\t<meta name=\"twitter:data1\" content=\"2 minutes\" \/>\n<script type=\"application\/ld+json\" class=\"yoast-schema-graph\">{\"@context\":\"https:\\\/\\\/schema.org\",\"@graph\":[{\"@type\":\"WebPage\",\"@id\":\"https:\\\/\\\/selipaconciergerie.com\\\/index.php\\\/mentions-legales\\\/\",\"url\":\"https:\\\/\\\/selipaconciergerie.com\\\/index.php\\\/mentions-legales\\\/\",\"name\":\"Mentions l\u00e9gales - Selipa Conciergerie Rennes\",\"isPartOf\":{\"@id\":\"https:\\\/\\\/selipaconciergerie.com\\\/#website\"},\"datePublished\":\"2025-01-22T10:44:30+00:00\",\"dateModified\":\"2025-08-15T08:28:01+00:00\",\"description\":\"Retrouvez ici les mentions l\u00e9gales de Selipa Conciergerie (Rennes) : informations l\u00e9gales, RGPD, h\u00e9bergeur, responsable publication, contact.\",\"breadcrumb\":{\"@id\":\"https:\\\/\\\/selipaconciergerie.com\\\/index.php\\\/mentions-legales\\\/#breadcrumb\"},\"inLanguage\":\"fr-FR\",\"potentialAction\":[{\"@type\":\"ReadAction\",\"target\":[\"https:\\\/\\\/selipaconciergerie.com\\\/index.php\\\/mentions-legales\\\/\"]}]},{\"@type\":\"BreadcrumbList\",\"@id\":\"https:\\\/\\\/selipaconciergerie.com\\\/index.php\\\/mentions-legales\\\/#breadcrumb\",\"itemListElement\":[{\"@type\":\"ListItem\",\"position\":1,\"name\":\"Accueil\",\"item\":\"https:\\\/\\\/selipaconciergerie.com\\\/\"},{\"@type\":\"ListItem\",\"position\":2,\"name\":\"Mentions l\u00e9gales\"}]},{\"@type\":\"WebSite\",\"@id\":\"https:\\\/\\\/selipaconciergerie.com\\\/#website\",\"url\":\"https:\\\/\\\/selipaconciergerie.com\\\/\",\"name\":\"\",\"description\":\"\",\"potentialAction\":[{\"@type\":\"SearchAction\",\"target\":{\"@type\":\"EntryPoint\",\"urlTemplate\":\"https:\\\/\\\/selipaconciergerie.com\\\/?s={search_term_string}\"},\"query-input\":{\"@type\":\"PropertyValueSpecification\",\"valueRequired\":true,\"valueName\":\"search_term_string\"}}],\"inLanguage\":\"fr-FR\"}]}<\/script>\n<!-- \/ Yoast SEO plugin. -->","yoast_head_json":{"title":"Mentions l\u00e9gales - Selipa Conciergerie Rennes","description":"Retrouvez ici les mentions l\u00e9gales de Selipa Conciergerie (Rennes) : informations l\u00e9gales, RGPD, h\u00e9bergeur, responsable publication, contact.","robots":{"index":"index","follow":"follow","max-snippet":"max-snippet:-1","max-image-preview":"max-image-preview:large","max-video-preview":"max-video-preview:-1"},"canonical":"https:\/\/selipaconciergerie.com\/index.php\/mentions-legales\/","og_locale":"fr_FR","og_type":"article","og_title":"Mentions l\u00e9gales - Selipa Conciergerie Rennes","og_description":"Retrouvez ici les mentions l\u00e9gales de Selipa Conciergerie (Rennes) : informations l\u00e9gales, RGPD, h\u00e9bergeur, responsable publication, contact.","og_url":"https:\/\/selipaconciergerie.com\/index.php\/mentions-legales\/","article_modified_time":"2025-08-15T08:28:01+00:00","twitter_card":"summary_large_image","twitter_misc":{"Dur\u00e9e de lecture estim\u00e9e":"2 minutes"},"schema":{"@context":"https:\/\/schema.org","@graph":[{"@type":"WebPage","@id":"https:\/\/selipaconciergerie.com\/index.php\/mentions-legales\/","url":"https:\/\/selipaconciergerie.com\/index.php\/mentions-legales\/","name":"Mentions l\u00e9gales - Selipa Conciergerie Rennes","isPartOf":{"@id":"https:\/\/selipaconciergerie.com\/#website"},"datePublished":"2025-01-22T10:44:30+00:00","dateModified":"2025-08-15T08:28:01+00:00","description":"Retrouvez ici les mentions l\u00e9gales de Selipa Conciergerie (Rennes) : informations l\u00e9gales, RGPD, h\u00e9bergeur, responsable publication, contact.","breadcrumb":{"@id":"https:\/\/selipaconciergerie.com\/index.php\/mentions-legales\/#breadcrumb"},"inLanguage":"fr-FR","potentialAction":[{"@type":"ReadAction","target":["https:\/\/selipaconciergerie.com\/index.php\/mentions-legales\/"]}]},{"@type":"BreadcrumbList","@id":"https:\/\/selipaconciergerie.com\/index.php\/mentions-legales\/#breadcrumb","itemListElement":[{"@type":"ListItem","position":1,"name":"Accueil","item":"https:\/\/selipaconciergerie.com\/"},{"@type":"ListItem","position":2,"name":"Mentions l\u00e9gales"}]},{"@type":"WebSite","@id":"https:\/\/selipaconciergerie.com\/#website","url":"https:\/\/selipaconciergerie.com\/","name":"","description":"","potentialAction":[{"@type":"SearchAction","target":{"@type":"EntryPoint","urlTemplate":"https:\/\/selipaconciergerie.com\/?s={search_term_string}"},"query-input":{"@type":"PropertyValueSpecification","valueRequired":true,"valueName":"search_term_string"}}],"inLanguage":"fr-FR"}]}},"_links":{"self":[{"href":"https:\/\/selipaconciergerie.com\/index.php\/wp-json\/wp\/v2\/pages\/5867","targetHints":{"allow":["GET"]}}],"collection":[{"href":"https:\/\/selipaconciergerie.com\/index.php\/wp-json\/wp\/v2\/pages"}],"about":[{"href":"https:\/\/selipaconciergerie.com\/index.php\/wp-json\/wp\/v2\/types\/page"}],"author":[{"embeddable":true,"href":"https:\/\/selipaconciergerie.com\/index.php\/wp-json\/wp\/v2\/users\/1"}],"replies":[{"embeddable":true,"href":"https:\/\/selipaconciergerie.com\/index.php\/wp-json\/wp\/v2\/comments?post=5867"}],"version-history":[{"count":64,"href":"https:\/\/selipaconciergerie.com\/index.php\/wp-json\/wp\/v2\/pages\/5867\/revisions"}],"predecessor-version":[{"id":8428,"href":"https:\/\/selipaconciergerie.com\/index.php\/wp-json\/wp\/v2\/pages\/5867\/revisions\/8428"}],"wp:attachment":[{"href":"https:\/\/selipaconciergerie.com\/index.php\/wp-json\/wp\/v2\/media?parent=5867"}],"curies":[{"name":"wp","href":"https:\/\/api.w.org\/{rel}","templated":true}]}}