{"id":5746,"date":"2025-01-19T23:38:40","date_gmt":"2025-01-19T22:38:40","guid":{"rendered":"https:\/\/selipaconciergerie.com\/?page_id=5746"},"modified":"2025-08-15T10:34:19","modified_gmt":"2025-08-15T08:34:19","slug":"page-blog","status":"publish","type":"page","link":"https:\/\/selipaconciergerie.com\/index.php\/page-blog\/","title":{"rendered":"Page blog"},"content":{"rendered":"\t\t<div data-elementor-type=\"wp-page\" data-elementor-id=\"5746\" class=\"elementor elementor-5746\">\n\t\t\t\t<div class=\"elementor-element elementor-element-60adb3fe e-con-full e-flex e-con e-parent\" data-id=\"60adb3fe\" data-element_type=\"container\" data-e-type=\"container\" data-settings=\"{&quot;background_background&quot;:&quot;classic&quot;,&quot;shape_divider_bottom&quot;:&quot;opacity-fan&quot;}\">\n\t\t\t\t<div class=\"elementor-shape elementor-shape-bottom\" aria-hidden=\"true\" data-negative=\"false\">\n\t\t\t<svg xmlns=\"http:\/\/www.w3.org\/2000\/svg\" viewBox=\"0 0 283.5 19.6\" preserveAspectRatio=\"none\">\n\t<path class=\"elementor-shape-fill\" style=\"opacity:0.33\" d=\"M0 0L0 18.8 141.8 4.1 283.5 18.8 283.5 0z\"\/>\n\t<path class=\"elementor-shape-fill\" style=\"opacity:0.33\" d=\"M0 0L0 12.6 141.8 4 283.5 12.6 283.5 0z\"\/>\n\t<path class=\"elementor-shape-fill\" style=\"opacity:0.33\" d=\"M0 0L0 6.4 141.8 4 283.5 6.4 283.5 0z\"\/>\n\t<path class=\"elementor-shape-fill\" d=\"M0 0L0 1.2 141.8 4 283.5 1.2 283.5 0z\"\/>\n<\/svg>\t\t<\/div>\n\t\t<div class=\"elementor-element elementor-element-2fe214d8 e-flex e-con-boxed e-con e-child\" data-id=\"2fe214d8\" data-element_type=\"container\" data-e-type=\"container\">\n\t\t\t\t\t<div class=\"e-con-inner\">\n\t\t\t\t<div class=\"elementor-element elementor-element-4bcc849e elementor-widget elementor-widget-heading\" data-id=\"4bcc849e\" data-element_type=\"widget\" data-e-type=\"widget\" data-widget_type=\"heading.default\">\n\t\t\t\t<div class=\"elementor-widget-container\">\n\t\t\t\t\t<h1 class=\"elementor-heading-title elementor-size-default\">Blog SELIPA Conciegerie<\/h1>\t\t\t\t<\/div>\n\t\t\t\t<\/div>\n\t\t\t\t<div class=\"elementor-element elementor-element-57eddb6d elementor-widget elementor-widget-text-editor\" data-id=\"57eddb6d\" data-element_type=\"widget\" data-e-type=\"widget\" data-widget_type=\"text-editor.default\">\n\t\t\t\t<div class=\"elementor-widget-container\">\n\t\t\t\t\t\t\t\t\t<p>Une conciergerie rennaise humaine et engag\u00e9e,\u00a0<span style=\"color: var( --e-global-color-secondary );\">au service des propri\u00e9taires et des locataires.<\/span><\/p>\t\t\t\t\t\t\t\t<\/div>\n\t\t\t\t<\/div>\n\t\t\t\t\t<\/div>\n\t\t\t\t<\/div>\n\t\t\t\t<\/div>\n\t\t<div class=\"elementor-element elementor-element-9dcb4fd e-flex e-con-boxed e-con e-parent\" data-id=\"9dcb4fd\" data-element_type=\"container\" data-e-type=\"container\">\n\t\t\t\t\t<div class=\"e-con-inner\">\n\t\t\t\t<div class=\"elementor-element elementor-element-7a18131 elementor-grid-eael-col-2 elementor-grid-tablet-eael-col-2 elementor-grid-mobile-eael-col-1 elementor-widget elementor-widget-eael-post-grid\" data-id=\"7a18131\" data-element_type=\"widget\" data-e-type=\"widget\" data-settings=\"{&quot;eael_post_grid_columns&quot;:&quot;eael-col-2&quot;,&quot;eael_post_grid_columns_tablet&quot;:&quot;eael-col-2&quot;,&quot;eael_post_grid_columns_mobile&quot;:&quot;eael-col-1&quot;}\" data-widget_type=\"eael-post-grid.default\">\n\t\t\t\t<div class=\"elementor-widget-container\">\n\t\t\t\t\t<div id=\"eael-post-grid-7a18131\" class=\"eael-post-grid-container\">\n            <div class=\"eael-post-grid eael-post-appender eael-post-appender-7a18131 eael-post-grid-style-two\" data-layout-mode=\"grid\"><article class=\"eael-grid-post  eael-post-grid-column eael-pg-post-5701 category-non-classe\" data-id=\"5701\">\n    <div class=\"eael-grid-post-holder\">\n        <div class=\"eael-grid-post-holder-inner\"><div class=\"eael-entry-wrapper\"><header class=\"eael-entry-header\"><h2 class=\"eael-entry-title\"><a class=\"eael-grid-post-link\" href=\"https:\/\/selipaconciergerie.com\/index.php\/2025\/01\/19\/les-nouvelles-reglementations\/\" title=\"Les nouvelles r\u00e8glementations\">Les nouvelles r\u00e8glementations<\/a><\/h2><\/header><div class=\"eael-entry-content\">\n                                <div class=\"eael-grid-post-excerpt\"><p>Les nouvelles r\u00e8glementations pour la location saisonni\u00e8re \u00e0 Rennes Ce...<\/p><a href=\"https:\/\/selipaconciergerie.com\/index.php\/2025\/01\/19\/les-nouvelles-reglementations\/\" class=\"eael-post-elements-readmore-btn\">Suite<\/a><\/div>\n                            <\/div><div class=\"eael-entry-header-after style-two\"><div class=\"eael-entry-meta\"><\/div><\/div><\/div><\/div>\n    <\/div>\n<\/article><\/div>\n            <div class=\"clearfix\"><\/div>\n        <\/div>\t\t\t\t<\/div>\n\t\t\t\t<\/div>\n\t\t\t\t\t<\/div>\n\t\t\t\t<\/div>\n\t\t\t\t<\/div>\n\t\t","protected":false},"excerpt":{"rendered":"<p>Blog SELIPA Conciegerie Une conciergerie rennaise humaine et engag\u00e9e,\u00a0au service des propri\u00e9taires et des locataires. Article de blog N\u00b01 Titre article de blog Lorem ipsum dolor sit amet, consectetur&#8230; Suite Bonjour tout le monde\u00a0! Bienvenue sur WordPress. Ceci est votre premier article. Modifiez-le ou&#8230; Suite<\/p>\n","protected":false},"author":1,"featured_media":0,"parent":0,"menu_order":0,"comment_status":"closed","ping_status":"closed","template":"elementor_header_footer","meta":{"footnotes":""},"class_list":["post-5746","page","type-page","status-publish","hentry"],"yoast_head":"<!-- This site is optimized with the Yoast SEO plugin v27.4 - https:\/\/yoast.com\/product\/yoast-seo-wordpress\/ -->\n<title>Page blog - Conciergerie \u00e0 Rennes \u2013 Actualit\u00e9s location saisonni\u00e8re<\/title>\n<meta name=\"description\" content=\"Explorez notre blog : actualit\u00e9s, r\u00e9glementations et conseils pratico-pratiques pour la location saisonni\u00e8re \u00e0 Rennes.\" \/>\n<meta name=\"robots\" content=\"index, follow, max-snippet:-1, max-image-preview:large, max-video-preview:-1\" \/>\n<link rel=\"canonical\" href=\"https:\/\/selipaconciergerie.com\/index.php\/page-blog\/\" \/>\n<meta property=\"og:locale\" content=\"fr_FR\" \/>\n<meta property=\"og:type\" content=\"article\" \/>\n<meta property=\"og:title\" content=\"Page blog - Conciergerie \u00e0 Rennes \u2013 Actualit\u00e9s location saisonni\u00e8re\" \/>\n<meta property=\"og:description\" content=\"Explorez notre blog : actualit\u00e9s, r\u00e9glementations et conseils pratico-pratiques pour la location saisonni\u00e8re \u00e0 Rennes.\" \/>\n<meta property=\"og:url\" content=\"https:\/\/selipaconciergerie.com\/index.php\/page-blog\/\" \/>\n<meta property=\"article:modified_time\" content=\"2025-08-15T08:34:19+00:00\" \/>\n<meta name=\"twitter:card\" content=\"summary_large_image\" \/>\n<meta name=\"twitter:label1\" content=\"Dur\u00e9e de lecture estim\u00e9e\" \/>\n\t<meta name=\"twitter:data1\" content=\"1 minute\" \/>\n<script type=\"application\/ld+json\" class=\"yoast-schema-graph\">{\"@context\":\"https:\\\/\\\/schema.org\",\"@graph\":[{\"@type\":\"WebPage\",\"@id\":\"https:\\\/\\\/selipaconciergerie.com\\\/index.php\\\/page-blog\\\/\",\"url\":\"https:\\\/\\\/selipaconciergerie.com\\\/index.php\\\/page-blog\\\/\",\"name\":\"Page blog - Conciergerie \u00e0 Rennes \u2013 Actualit\u00e9s location saisonni\u00e8re\",\"isPartOf\":{\"@id\":\"https:\\\/\\\/selipaconciergerie.com\\\/#website\"},\"datePublished\":\"2025-01-19T22:38:40+00:00\",\"dateModified\":\"2025-08-15T08:34:19+00:00\",\"description\":\"Explorez notre blog : actualit\u00e9s, r\u00e9glementations et conseils pratico-pratiques pour la location saisonni\u00e8re \u00e0 Rennes.\",\"breadcrumb\":{\"@id\":\"https:\\\/\\\/selipaconciergerie.com\\\/index.php\\\/page-blog\\\/#breadcrumb\"},\"inLanguage\":\"fr-FR\",\"potentialAction\":[{\"@type\":\"ReadAction\",\"target\":[\"https:\\\/\\\/selipaconciergerie.com\\\/index.php\\\/page-blog\\\/\"]}]},{\"@type\":\"BreadcrumbList\",\"@id\":\"https:\\\/\\\/selipaconciergerie.com\\\/index.php\\\/page-blog\\\/#breadcrumb\",\"itemListElement\":[{\"@type\":\"ListItem\",\"position\":1,\"name\":\"Accueil\",\"item\":\"https:\\\/\\\/selipaconciergerie.com\\\/\"},{\"@type\":\"ListItem\",\"position\":2,\"name\":\"Page blog\"}]},{\"@type\":\"WebSite\",\"@id\":\"https:\\\/\\\/selipaconciergerie.com\\\/#website\",\"url\":\"https:\\\/\\\/selipaconciergerie.com\\\/\",\"name\":\"\",\"description\":\"\",\"potentialAction\":[{\"@type\":\"SearchAction\",\"target\":{\"@type\":\"EntryPoint\",\"urlTemplate\":\"https:\\\/\\\/selipaconciergerie.com\\\/?s={search_term_string}\"},\"query-input\":{\"@type\":\"PropertyValueSpecification\",\"valueRequired\":true,\"valueName\":\"search_term_string\"}}],\"inLanguage\":\"fr-FR\"}]}<\/script>\n<!-- \/ Yoast SEO plugin. -->","yoast_head_json":{"title":"Page blog - Conciergerie \u00e0 Rennes \u2013 Actualit\u00e9s location saisonni\u00e8re","description":"Explorez notre blog : actualit\u00e9s, r\u00e9glementations et conseils pratico-pratiques pour la location saisonni\u00e8re \u00e0 Rennes.","robots":{"index":"index","follow":"follow","max-snippet":"max-snippet:-1","max-image-preview":"max-image-preview:large","max-video-preview":"max-video-preview:-1"},"canonical":"https:\/\/selipaconciergerie.com\/index.php\/page-blog\/","og_locale":"fr_FR","og_type":"article","og_title":"Page blog - Conciergerie \u00e0 Rennes \u2013 Actualit\u00e9s location saisonni\u00e8re","og_description":"Explorez notre blog : actualit\u00e9s, r\u00e9glementations et conseils pratico-pratiques pour la location saisonni\u00e8re \u00e0 Rennes.","og_url":"https:\/\/selipaconciergerie.com\/index.php\/page-blog\/","article_modified_time":"2025-08-15T08:34:19+00:00","twitter_card":"summary_large_image","twitter_misc":{"Dur\u00e9e de lecture estim\u00e9e":"1 minute"},"schema":{"@context":"https:\/\/schema.org","@graph":[{"@type":"WebPage","@id":"https:\/\/selipaconciergerie.com\/index.php\/page-blog\/","url":"https:\/\/selipaconciergerie.com\/index.php\/page-blog\/","name":"Page blog - Conciergerie \u00e0 Rennes \u2013 Actualit\u00e9s location saisonni\u00e8re","isPartOf":{"@id":"https:\/\/selipaconciergerie.com\/#website"},"datePublished":"2025-01-19T22:38:40+00:00","dateModified":"2025-08-15T08:34:19+00:00","description":"Explorez notre blog : actualit\u00e9s, r\u00e9glementations et conseils pratico-pratiques pour la location saisonni\u00e8re \u00e0 Rennes.","breadcrumb":{"@id":"https:\/\/selipaconciergerie.com\/index.php\/page-blog\/#breadcrumb"},"inLanguage":"fr-FR","potentialAction":[{"@type":"ReadAction","target":["https:\/\/selipaconciergerie.com\/index.php\/page-blog\/"]}]},{"@type":"BreadcrumbList","@id":"https:\/\/selipaconciergerie.com\/index.php\/page-blog\/#breadcrumb","itemListElement":[{"@type":"ListItem","position":1,"name":"Accueil","item":"https:\/\/selipaconciergerie.com\/"},{"@type":"ListItem","position":2,"name":"Page blog"}]},{"@type":"WebSite","@id":"https:\/\/selipaconciergerie.com\/#website","url":"https:\/\/selipaconciergerie.com\/","name":"","description":"","potentialAction":[{"@type":"SearchAction","target":{"@type":"EntryPoint","urlTemplate":"https:\/\/selipaconciergerie.com\/?s={search_term_string}"},"query-input":{"@type":"PropertyValueSpecification","valueRequired":true,"valueName":"search_term_string"}}],"inLanguage":"fr-FR"}]}},"_links":{"self":[{"href":"https:\/\/selipaconciergerie.com\/index.php\/wp-json\/wp\/v2\/pages\/5746","targetHints":{"allow":["GET"]}}],"collection":[{"href":"https:\/\/selipaconciergerie.com\/index.php\/wp-json\/wp\/v2\/pages"}],"about":[{"href":"https:\/\/selipaconciergerie.com\/index.php\/wp-json\/wp\/v2\/types\/page"}],"author":[{"embeddable":true,"href":"https:\/\/selipaconciergerie.com\/index.php\/wp-json\/wp\/v2\/users\/1"}],"replies":[{"embeddable":true,"href":"https:\/\/selipaconciergerie.com\/index.php\/wp-json\/wp\/v2\/comments?post=5746"}],"version-history":[{"count":130,"href":"https:\/\/selipaconciergerie.com\/index.php\/wp-json\/wp\/v2\/pages\/5746\/revisions"}],"predecessor-version":[{"id":7399,"href":"https:\/\/selipaconciergerie.com\/index.php\/wp-json\/wp\/v2\/pages\/5746\/revisions\/7399"}],"wp:attachment":[{"href":"https:\/\/selipaconciergerie.com\/index.php\/wp-json\/wp\/v2\/media?parent=5746"}],"curies":[{"name":"wp","href":"https:\/\/api.w.org\/{rel}","templated":true}]}}